{"id":49568,"date":"2021-12-06T03:08:24","date_gmt":"2021-12-06T08:08:24","guid":{"rendered":"https:\/\/druidhillseyecare.com\/nuestros-doctores\/"},"modified":"2025-11-01T11:53:52","modified_gmt":"2025-11-01T15:53:52","slug":"nuestros-doctores","status":"publish","type":"page","link":"https:\/\/druidhillseyecare.com\/es\/nuestros-doctores\/","title":{"rendered":"Nuestros doctores"},"content":{"rendered":"<p>[et_pb_section fb_built=\u00bb1&#8243; _builder_version=\u00bb3.22&#8243;][et_pb_row column_structure=\u00bb1_4,1_4,1_4,1_4&#8243; use_custom_gutter=\u00bbon\u00bb gutter_width=\u00bb2&#8243; module_class=\u00bbteam-page\u00bb _builder_version=\u00bb3.25&#8243; background_size=\u00bbinitial\u00bb background_position=\u00bbtop_left\u00bb background_repeat=\u00bbrepeat\u00bb][et_pb_column type=\u00bb1_4&#8243; _builder_version=\u00bb3.25&#8243; custom_padding=\u00bb|||\u00bb custom_padding__hover=\u00bb|||\u00bb][\/et_pb_column][et_pb_column type=\u00bb1_4&#8243; _builder_version=\u00bb3.25&#8243; custom_padding=\u00bb|||\u00bb custom_padding__hover=\u00bb|||\u00bb][et_pb_team_member name=\u00bbDr. Grigoriy Solomon\u00bb position=\u00bbDoctor en optometria\u00bb image_url=\u00bbhttps:\/\/druidhillseyecare.com\/wp-content\/uploads\/2018\/08\/solomon.png\u00bb facebook_url=\u00bbhttps:\/\/www.facebook.com\/Druid-Hills-Eye-Care-113192308804596\/\u00bb admin_label=\u00bbDr. Solomon\u00bb module_class=\u00bbteam-profile\u00bb _builder_version=\u00bb3.17.2&#8243;]<a class=\"email-person\" href=\"https:\/\/druidhillseyecare.com\/contact-us\/\">Env\u00edeme un correo electr\u00f3nico<\/a><\/p>\n<p><a class=\"meet-person-button\" href=\"#person-1\">Conoce al Dr. Solomon<\/a><br \/>\n[\/et_pb_team_member][\/et_pb_column][et_pb_column type=\u00bb1_4&#8243; _builder_version=\u00bb4.4.8&#8243;][et_pb_team_member name=\u00bbDr. Katerin Ortiz\u00bb position=\u00bbDoctor en optometria\u00bb image_url=\u00bbhttps:\/\/druidhillseyecare.com\/wp-content\/uploads\/2020\/06\/ortiz3.jpg\u00bb facebook_url=\u00bbhttps:\/\/www.facebook.com\/Druid-Hills-Eye-Care-113192308804596\/\u00bb admin_label=\u00bbDr. Ortiz\u00bb module_class=\u00bbteam-profile\u00bb _builder_version=\u00bb4.4.8&#8243; hover_enabled=\u00bb0&#8243; title_text=\u00bbortiz3&#8243;]<\/p>\n<p><a class=\"email-person\" href=\"https:\/\/druidhillseyecare.com\/contact-us\/\">Env\u00edeme un correo electr\u00f3nico<\/a><\/p>\n<p><a class=\"meet-person-button\" href=\"#person-2\">Conoce al Dr. Ortiz<\/a><\/p>\n<p>[\/et_pb_team_member][\/et_pb_column][et_pb_column type=\u00bb1_4&#8243; _builder_version=\u00bb3.25&#8243; custom_padding=\u00bb|||\u00bb custom_padding__hover=\u00bb|||\u00bb][\/et_pb_column][\/et_pb_row][\/et_pb_section][et_pb_section fb_built=\u00bb1&#8243; inner_shadow=\u00bbon\u00bb _builder_version=\u00bb3.22&#8243; background_color=\u00bb#f8f7f9&#8243;][et_pb_row column_structure=\u00bb1_3,2_3&#8243; module_id=\u00bbperson-1&#8243; _builder_version=\u00bb3.25&#8243; background_size=\u00bbinitial\u00bb background_position=\u00bbtop_left\u00bb background_repeat=\u00bbrepeat\u00bb][et_pb_column type=\u00bb1_3&#8243; _builder_version=\u00bb3.25&#8243; custom_padding=\u00bb|||\u00bb custom_padding__hover=\u00bb|||\u00bb][et_pb_image src=\u00bbhttps:\/\/druidhillseyecare.com\/wp-content\/uploads\/2018\/08\/solomon.png\u00bb align=\u00bbcenter\u00bb align_tablet=\u00bbcenter\u00bb align_phone=\u00bb\u00bb align_last_edited=\u00bbon|desktop\u00bb admin_label=\u00bbPerson 1 Headshot\u00bb module_class=\u00bbteam-bio\u00bb _builder_version=\u00bb3.23&#8243;][\/et_pb_image][\/et_pb_column][et_pb_column type=\u00bb2_3&#8243; _builder_version=\u00bb3.25&#8243; custom_padding=\u00bb|||\u00bb custom_padding__hover=\u00bb|||\u00bb][et_pb_text admin_label=\u00bbPerson 1 Bio\u00bb _builder_version=\u00bb3.27.4&#8243;]<\/p>\n<h3><strong>Dr. Grigoriy Solomon<\/strong><\/h3>\n<div>El Dr. Solomon ha estado brindando atenci\u00f3n integral de la vista a pacientes de todas las edades desde 2002. Practica la optometr\u00eda general con especial inter\u00e9s en lentes de contacto. El Dr. Solomon se adapta a una variedad de lentes de contacto como ortoqueratolog\u00eda, lentes esclerales, RGP (lentes permeables a los gases), lentes blandos y lentes de contacto bifocales.\n<\/div>\n<div><\/div>\n<div>Despu\u00e9s de obtener su Licenciatura en Ciencias en Biolog\u00eda de la Universidad Estatal de Georgia en 1998, el Dr. Solomon asisti\u00f3 al Colegio de Optometr\u00eda de Pennsylvania, donde recibi\u00f3 su doctorado. El Dr. Solomon es actualmente miembro de la Asociaci\u00f3n Americana de Optometr\u00eda, as\u00ed como de la Asociaci\u00f3n Optom\u00e9trica de Georgia. El Dr. Solomon vive en el \u00e1rea de Oak Grove con su esposa y sus dos hijos. Le gusta leer, viajar, correr y caminar.\n<\/div>\n<p>[\/et_pb_text][\/et_pb_column][\/et_pb_row][\/et_pb_section][et_pb_section fb_built=\u00bb1&#8243; inner_shadow=\u00bbon\u00bb _builder_version=\u00bb3.22&#8243; background_color=\u00bb#f8f7f9&#8243;][et_pb_row column_structure=\u00bb1_3,2_3&#8243; module_id=\u00bbperson-2&#8243; _builder_version=\u00bb4.4.8&#8243; background_size=\u00bbinitial\u00bb background_position=\u00bbtop_left\u00bb background_repeat=\u00bbrepeat\u00bb][et_pb_column type=\u00bb1_3&#8243; _builder_version=\u00bb3.25&#8243; custom_padding=\u00bb|||\u00bb custom_padding__hover=\u00bb|||\u00bb][et_pb_image src=\u00bbhttps:\/\/druidhillseyecare.com\/wp-content\/uploads\/2020\/06\/ortiz3.jpg\u00bb title_text=\u00bbortiz3&#8243; align=\u00bbcenter\u00bb align_tablet=\u00bbcenter\u00bb align_phone=\u00bb\u00bb align_last_edited=\u00bbon|desktop\u00bb admin_label=\u00bbPerson 1 Headshot\u00bb module_class=\u00bbteam-bio\u00bb _builder_version=\u00bb4.4.8&#8243; hover_enabled=\u00bb0&#8243;][\/et_pb_image][\/et_pb_column][et_pb_column type=\u00bb2_3&#8243; _builder_version=\u00bb3.25&#8243; custom_padding=\u00bb|||\u00bb custom_padding__hover=\u00bb|||\u00bb][et_pb_text admin_label=\u00bbPerson 2 Bio\u00bb _builder_version=\u00bb4.4.8&#8243;]<\/p>\n<h3><strong>Dr. Katerin Ortiz<\/strong><\/h3>\n<div>\n<p>La Dra. Ortiz se une a nuestra cl\u00ednica como optometrista que brinda ex\u00e1menes oculares completos para pacientes de 6 meses o m\u00e1s. Tiene una Licenciatura en Biolog\u00eda de la Universidad de Chicago, un Doctorado en Optometr\u00eda del Illinois College of Optometry y una residencia en pediatr\u00eda y terapia visual de la Universidad de Salus. Ha dado conferencias en Am\u00e9rica Latina en temas como farmacolog\u00eda pedi\u00e1trica, ambliop\u00eda y estrabismo. La Dra. Ortiz tiene un inter\u00e9s especial en pediatr\u00eda, pacientes con discapacidades de aprendizaje, estrabismo, ambliop\u00eda, diabetes y glaucoma. En su tiempo libre la Dra. Ortiz disfruta de jugar tenis, bailar salsa y cantar Karaoke.    <\/p>\n<\/div>\n<p>[\/et_pb_text][\/et_pb_column][\/et_pb_row][\/et_pb_section][et_pb_section fb_built=\u00bb1&#8243; admin_label=\u00bbFooter\u00bb _builder_version=\u00bb3.0.106&#8243; use_background_color_gradient=\u00bbon\u00bb background_color_gradient_start=\u00bbrgba(0,0,0,0.55)\u00bb background_color_gradient_end=\u00bbrgba(0,0,0,0.72)\u00bb background_color_gradient_overlays_image=\u00bbon\u00bb background_image=\u00bbhttps:\/\/druidhillseyecare.com\/wp-content\/uploads\/2018\/02\/IMG_1370.jpg\u00bb global_module=\u00bb47246&#8243; saved_tabs=\u00bball\u00bb][et_pb_row column_structure=\u00bb1_4,1_4,1_4,1_4&#8243; module_id=\u00bbMainFooter\u00bb module_class=\u00bb et_pb_row_fullwidth et_pb_row_fullwidth et_pb_row_fullwidth et_pb_row_fullwidth et_pb_row_fullwidth et_pb_row_fullwidth et_pb_row_fullwidth et_pb_row_fullwidth et_pb_row_fullwidth et_pb_row_fullwidth et_pb_row_fullwidth et_pb_row_fullwidth et_pb_row_fullwidth et_pb_row_fullwidth et_pb_row_fullwidth et_pb_row_fullwidth et_pb_row_fullwidth et_pb_row_fullwidth et_pb_row_fullwidth et_pb_row_fullwidth\u00bb _builder_version=\u00bb3.25&#8243; background_size=\u00bbinitial\u00bb background_position=\u00bbtop_left\u00bb background_repeat=\u00bbrepeat\u00bb width=\u00bb89%\u00bb width_tablet=\u00bb80%\u00bb width_phone=\u00bb\u00bb width_last_edited=\u00bbon|desktop\u00bb max_width=\u00bb89%\u00bb max_width_tablet=\u00bb80%\u00bb max_width_phone=\u00bb\u00bb max_width_last_edited=\u00bbon|desktop\u00bb make_fullwidth=\u00bbon\u00bb custom_width_px=\u00bb1280px\u00bb][et_pb_column type=\u00bb1_4&#8243; _builder_version=\u00bb3.0.47&#8243; background_color=\u00bbrgba(0,0,0,0)\u00bb background_position=\u00bbtop_left\u00bb custom_padding=\u00bb|||\u00bb custom_padding__hover=\u00bb|||\u00bb][et_pb_text admin_label=\u00bbContact US Title\u00bb _builder_version=\u00bb3.27.4&#8243; text_font_size=\u00bb16px\u00bb header_font=\u00bbMontserrat||||\u00bb header_text_color=\u00bb#1f1f1f\u00bb header_font_size=\u00bb22px\u00bb background_layout=\u00bbdark\u00bb custom_margin=\u00bb||10px|\u00bb animation_style=\u00bbfold\u00bb animation_direction=\u00bbbottom\u00bb animation_intensity_fold=\u00bb20%\u00bb]<\/p>\n<h3><span style=\"color: #ffffff\">Llegar a nosotros<\/span><\/h3>\n<p>[\/et_pb_text][et_pb_text admin_label=\u00bbContact US Text\u00bb _builder_version=\u00bb3.27.4&#8243; text_font_size=\u00bb16px\u00bb text_line_height=\u00bb1.8em\u00bb header_font=\u00bb||||\u00bb header_text_color=\u00bb#1f1f1f\u00bb background_layout=\u00bbdark\u00bb custom_margin=\u00bb5px||10px|\u00bb animation_style=\u00bbfold\u00bb animation_direction=\u00bbbottom\u00bb animation_intensity_fold=\u00bb20%\u00bb]<\/p>\n<p>Damos la bienvenida a nuestros pacientes existentes y con gusto damos la bienvenida a nuevos pacientes a la familia Druid Hills Eye Care.<\/p>\n<p>[\/et_pb_text][et_pb_blurb use_icon=\u00bbon\u00bb font_icon=\u00bb%%250%%\u00bb icon_color=\u00bb#ffffff\u00bb icon_placement=\u00bbleft\u00bb use_icon_font_size=\u00bbon\u00bb icon_font_size=\u00bb28px\u00bb icon_font_size_last_edited=\u00bboff|desktop\u00bb admin_label=\u00bbAppointment\u00bb _builder_version=\u00bb3.19&#8243; body_font_size=\u00bb16px\u00bb background_layout=\u00bbdark\u00bb custom_margin=\u00bb5px||10px|\u00bb animation_style=\u00bbfold\u00bb animation_direction=\u00bbbottom\u00bb animation_intensity_fold=\u00bb20%\u00bb]<\/p>\n<p><a href=\"https:\/\/druidhillseyecare.com\/appointments\/\">Programe una cita hoy<\/a><\/p>\n<p>[\/et_pb_blurb][et_pb_blurb use_icon=\u00bbon\u00bb font_icon=\u00bb%%249%%\u00bb icon_color=\u00bb#ffffff\u00bb icon_placement=\u00bbleft\u00bb use_icon_font_size=\u00bbon\u00bb icon_font_size=\u00bb28px\u00bb icon_font_size_last_edited=\u00bboff|desktop\u00bb admin_label=\u00bbAddress\u00bb _builder_version=\u00bb3.10.2&#8243; body_font_size=\u00bb16px\u00bb background_layout=\u00bbdark\u00bb custom_margin=\u00bb5px||10px|\u00bb animation_style=\u00bbfold\u00bb animation_direction=\u00bbbottom\u00bb animation_intensity_fold=\u00bb20%\u00bb]<\/p>\n<p>1781 Clairmont Road<br \/>Decatur, GA 30033<\/p>\n<p>[\/et_pb_blurb][et_pb_blurb use_icon=\u00bbon\u00bb font_icon=\u00bb%%104%%\u00bb icon_color=\u00bb#ffffff\u00bb icon_placement=\u00bbleft\u00bb use_icon_font_size=\u00bbon\u00bb icon_font_size=\u00bb28px\u00bb icon_font_size_last_edited=\u00bboff|desktop\u00bb admin_label=\u00bbPhone Number\u00bb _builder_version=\u00bb3.10.2&#8243; body_font_size=\u00bb16px\u00bb background_layout=\u00bbdark\u00bb custom_margin=\u00bb5px||10px|\u00bb animation_style=\u00bbfold\u00bb animation_direction=\u00bbbottom\u00bb animation_intensity_fold=\u00bb20%\u00bb]<\/p>\n<p><a href=\"tel:\/\/4044719990\">(404) 471-9990<\/a><\/p>\n<p>[\/et_pb_blurb][et_pb_blurb use_icon=\u00bbon\u00bb font_icon=\u00bb%%238%%\u00bb icon_color=\u00bb#ffffff\u00bb icon_placement=\u00bbleft\u00bb use_icon_font_size=\u00bbon\u00bb icon_font_size=\u00bb28px\u00bb icon_font_size_last_edited=\u00bboff|desktop\u00bb admin_label=\u00bbEmail\u00bb _builder_version=\u00bb4.0.6&#8243; body_font_size=\u00bb16px\u00bb background_layout=\u00bbdark\u00bb custom_margin=\u00bb5px||10px|\u00bb animation_style=\u00bbfold\u00bb animation_direction=\u00bbbottom\u00bb animation_intensity_fold=\u00bb20%\u00bb]<\/p>\n<p><a href=\"mailto:druidhillseyecare@yahoo.com\">druidhillseyecare@yahoo.com<\/a><\/p>\n<p>[\/et_pb_blurb][\/et_pb_column][et_pb_column type=\u00bb1_4&#8243; _builder_version=\u00bb3.0.47&#8243; background_color=\u00bbrgba(0,0,0,0)\u00bb background_position=\u00bbtop_left\u00bb custom_padding=\u00bb|||\u00bb custom_padding__hover=\u00bb|||\u00bb][et_pb_text admin_label=\u00bbInsurance Title\u00bb _builder_version=\u00bb3.27.4&#8243; text_font_size=\u00bb16px\u00bb header_font=\u00bbMontserrat||||\u00bb header_text_color=\u00bb#1f1f1f\u00bb header_font_size=\u00bb22px\u00bb background_layout=\u00bbdark\u00bb custom_margin=\u00bb||10px|\u00bb animation_style=\u00bbfold\u00bb animation_direction=\u00bbbottom\u00bb animation_intensity_fold=\u00bb20%\u00bb]<\/p>\n<h3><a href=\"https:\/\/druidhillseyecare.com\/es\/seguros-de-vision\/\"><span style=\"color: #ffffff\"><span>Descubrirnos<\/span><\/span><\/a><\/h3>\n<p>[\/et_pb_text][et_pb_text admin_label=\u00bbInsurance\u00bb _builder_version=\u00bb3.27.4&#8243; text_font_size=\u00bb16px\u00bb background_layout=\u00bbdark\u00bb]<\/p>\n<p>Ll\u00e1menos hoy y podemos ayudarlo a comprender los beneficios de su seguro para el cuidado de la vista de rutina o las visitas m\u00e9dicas.<\/p>\n<p>VSP, EyeMed &#8230;<\/p>\n<p><a href=\"https:\/\/druidhillseyecare.com\/es\/seguros-de-vision\/\">Visi\u00f3n<\/a>&#8211; Planes que aceptamos<\/p>\n<p><a href=\"https:\/\/druidhillseyecare.com\/es\/seguros-de-vision\/\">M\u00e9dico<\/a> &#8211; Planes que aceptamos<\/p>\n<p><a href=\"https:\/\/carecredit.com\" target=\"_blank\" rel=\"noopener noreferrer\">Care Credit<\/a> &#8211; Hacer que el cuidado de los ojos sea asequible<\/p>\n<p>[\/et_pb_text][\/et_pb_column][et_pb_column type=\u00bb1_4&#8243; _builder_version=\u00bb3.0.47&#8243; background_color=\u00bbrgba(0,0,0,0)\u00bb background_position=\u00bbtop_left\u00bb custom_padding=\u00bb|||\u00bb custom_padding__hover=\u00bb|||\u00bb][et_pb_text admin_label=\u00bbHours Title\u00bb _builder_version=\u00bb3.27.4&#8243; text_font_size=\u00bb16px\u00bb header_font=\u00bbMontserrat||||\u00bb header_text_color=\u00bb#1f1f1f\u00bb header_font_size=\u00bb22px\u00bb background_layout=\u00bbdark\u00bb custom_margin=\u00bb||10px|\u00bb animation_style=\u00bbfold\u00bb animation_direction=\u00bbbottom\u00bb animation_intensity_fold=\u00bb20%\u00bb]<\/p>\n<h3><span style=\"color: #ffffff\"><span>Vis\u00edtanos<\/span><\/span><\/h3>\n<p>[\/et_pb_text][et_pb_text admin_label=\u00bbHours Table\u00bb module_class=\u00bbstorehours\u00bb _builder_version=\u00bb3.27.4&#8243; background_layout=\u00bbdark\u00bb]<\/p>\n<table class=\" aligncenter\" border=\"0\">\n<tbody>\n<tr class=\"border_bottom\">\n<td width=\"150px\">Lunes:<\/td>\n<td>9:00 am &#8211; 6:00 pm<\/td>\n<\/tr>\n<tr class=\"border_bottom\">\n<td>Martes:<\/td>\n<td>9:00 am &#8211; 6:00 pm<\/td>\n<\/tr>\n<tr class=\"border_bottom\">\n<td>Mi\u00e9rcoles:<\/td>\n<td>9:00 am &#8211; 6:00 pm<\/td>\n<\/tr>\n<tr class=\"border_bottom\">\n<td>Jueves:<\/td>\n<td>9:00 am &#8211; 6:00 pm<\/td>\n<\/tr>\n<tr class=\"border_bottom\">\n<td>Viernes:<\/td>\n<td>9:00 am &#8211; 6:00 pm<\/td>\n<\/tr>\n<tr class=\"border_bottom\">\n<td>S\u00e1bado:<\/td>\n<td>9:00 am &#8211; 2:00 pm<\/td>\n<\/tr>\n<tr>\n<td>Domingo:<\/td>\n<td align=\"center\">Cerrado<\/td>\n<\/tr>\n<\/tbody>\n<\/table>\n<p>[\/et_pb_text][\/et_pb_column][et_pb_column type=\u00bb1_4&#8243; _builder_version=\u00bb3.0.47&#8243; background_color=\u00bbrgba(0,0,0,0)\u00bb background_position=\u00bbtop_left\u00bb custom_padding=\u00bb|||\u00bb custom_padding__hover=\u00bb|||\u00bb][et_pb_text disabled_on=\u00bbon||\u00bb admin_label=\u00bbFollow Us Title\u00bb _builder_version=\u00bb3.27.4&#8243; text_font_size=\u00bb16px\u00bb header_font=\u00bbMontserrat||||\u00bb header_text_color=\u00bb#1f1f1f\u00bb header_font_size=\u00bb22px\u00bb background_layout=\u00bbdark\u00bb custom_margin=\u00bb||10px|\u00bb animation_style=\u00bbfold\u00bb animation_direction=\u00bbbottom\u00bb animation_intensity_fold=\u00bb20%\u00bb]<\/p>\n<h3><span style=\"color: #ffffff\"><span>Siguenos<\/span><\/span><\/h3>\n<p>[\/et_pb_text][et_pb_code disabled_on=\u00bbon||\u00bb admin_label=\u00bbFacebook Code\u00bb _builder_version=\u00bb3.19&#8243; custom_margin=\u00bb||5px|\u00bb]<\/p>\n<div id=\"fb-root\"><\/div>\n<p><!-- [et_pb_line_break_holder] -->(function(d, s, id) {<!-- [et_pb_line_break_holder] -->  var js, fjs = d.getElementsByTagName(s)[0];<!-- [et_pb_line_break_holder] -->  if (d.getElementById(id)) return;<!-- [et_pb_line_break_holder] -->  js = d.createElement(s); js.id = id;<!-- [et_pb_line_break_holder] -->  js.src = &#8216;https:\/\/connect.facebook.net\/en_US\/sdk.js#xfbml=1&amp;version=v3.2&#8217;;<!-- [et_pb_line_break_holder] -->  fjs.parentNode.insertBefore(js, fjs);<!-- [et_pb_line_break_holder] -->}(document, &#8216;script&#8217;, &#8216;facebook-jssdk&#8217;));<!-- [et_pb_line_break_holder] --><\/p>\n<div class=\"fb-page\" data-href=\"https:\/\/www.facebook.com\/Druid-Hills-Eye-Care-113192308804596\/\" data-height=\"200\" data-small-header=\"true\" data-adapt-container-width=\"true\" data-hide-cover=\"false\" data-show-facepile=\"true\">\n<blockquote cite=\"https:\/\/www.facebook.com\/Druid-Hills-Eye-Care-113192308804596\/\" class=\"fb-xfbml-parse-ignore\"><p><a href=\"https:\/\/www.facebook.com\/Druid-Hills-Eye-Care-113192308804596\/\">Druid Hills Eye Care<\/a><\/p><\/blockquote>\n<\/div>\n<p>[\/et_pb_code][et_pb_text admin_label=\u00bbDoctors\u00bb _builder_version=\u00bb4.4.8&#8243; text_font_size=\u00bb16px\u00bb background_layout=\u00bbdark\u00bb custom_margin=\u00bb|||\u00bb custom_padding=\u00bb|||\u00bb]<\/p>\n<p>Dr. Grigoriy Solomon<\/p>\n<p>Dr. Katerin Ortiz<\/p>\n<p>[\/et_pb_text][\/et_pb_column][\/et_pb_row][\/et_pb_section]<\/p>\n","protected":false},"excerpt":{"rendered":"<p>Env\u00edeme un correo electr\u00f3nico Conoce al Dr. Solomon Env\u00edeme un correo electr\u00f3nico Conoce al Dr. OrtizDr. Grigoriy Solomon El Dr. Solomon ha estado brindando atenci\u00f3n integral de la vista a pacientes de todas las edades desde 2002. Practica la optometr\u00eda general con especial inter\u00e9s en lentes de contacto. El Dr. Solomon se adapta a una [&hellip;]<\/p>\n","protected":false},"author":5,"featured_media":0,"parent":0,"menu_order":100,"comment_status":"closed","ping_status":"closed","template":"","meta":{"_et_pb_use_builder":"on","_et_pb_old_content":"","_et_gb_content_width":"","jetpack_post_was_ever_published":false,"footnotes":""},"class_list":["post-49568","page","type-page","status-publish","hentry"],"jetpack_sharing_enabled":true,"jetpack_shortlink":"https:\/\/wp.me\/PagrUL-cTu","_links":{"self":[{"href":"https:\/\/druidhillseyecare.com\/es\/wp-json\/wp\/v2\/pages\/49568","targetHints":{"allow":["GET"]}}],"collection":[{"href":"https:\/\/druidhillseyecare.com\/es\/wp-json\/wp\/v2\/pages"}],"about":[{"href":"https:\/\/druidhillseyecare.com\/es\/wp-json\/wp\/v2\/types\/page"}],"author":[{"embeddable":true,"href":"https:\/\/druidhillseyecare.com\/es\/wp-json\/wp\/v2\/users\/5"}],"replies":[{"embeddable":true,"href":"https:\/\/druidhillseyecare.com\/es\/wp-json\/wp\/v2\/comments?post=49568"}],"version-history":[{"count":17,"href":"https:\/\/druidhillseyecare.com\/es\/wp-json\/wp\/v2\/pages\/49568\/revisions"}],"predecessor-version":[{"id":49665,"href":"https:\/\/druidhillseyecare.com\/es\/wp-json\/wp\/v2\/pages\/49568\/revisions\/49665"}],"wp:attachment":[{"href":"https:\/\/druidhillseyecare.com\/es\/wp-json\/wp\/v2\/media?parent=49568"}],"curies":[{"name":"wp","href":"https:\/\/api.w.org\/{rel}","templated":true}]}}